{"id":12,"date":"2025-12-08T10:30:08","date_gmt":"2025-12-08T09:30:08","guid":{"rendered":"https:\/\/emi-services.fr\/?page_id=12"},"modified":"2025-12-08T16:35:46","modified_gmt":"2025-12-08T15:35:46","slug":"__trashed-2","status":"publish","type":"page","link":"https:\/\/emi-services.fr\/","title":{"rendered":""},"content":{"rendered":"\n<div class=\"wp-block-columns is-layout-flex wp-container-core-columns-is-layout-9d6595d7 wp-block-columns-is-layout-flex\">\n<div class=\"wp-block-column is-layout-flow wp-block-column-is-layout-flow\" style=\"flex-basis:100%\">\n<p><\/p>\n\n\n\n<p><strong>\u00c9LECTRCIT\u00c9 G\u00c9NERALE <\/strong><\/p>\n<\/div>\n<\/div>\n\n\n\n<div class=\"wp-block-columns is-layout-flex wp-container-core-columns-is-layout-9d6595d7 wp-block-columns-is-layout-flex\">\n<div class=\"wp-block-column is-layout-flow wp-block-column-is-layout-flow\">\n<p>Depuis 2007, EMI met l&rsquo;accent sur la r\u00e9habilitation, la r\u00e9novation et la cr\u00e9ation de vos installations \u00e9lectriques dans vos habitations ou vos locaux professionnels.<\/p>\n<\/div>\n\n\n\n<div class=\"wp-block-column is-layout-flow wp-block-column-is-layout-flow\">\n<figure class=\"wp-block-image size-large\"><img loading=\"lazy\" decoding=\"async\" width=\"1024\" height=\"768\" src=\"https:\/\/emi-services.fr\/wp-content\/uploads\/2025\/12\/Presentation-rogner-copie-1024x768.jpg\" alt=\"\" class=\"wp-image-13\" srcset=\"https:\/\/emi-services.fr\/wp-content\/uploads\/2025\/12\/Presentation-rogner-copie-1024x768.jpg 1024w, https:\/\/emi-services.fr\/wp-content\/uploads\/2025\/12\/Presentation-rogner-copie-300x225.jpg 300w, https:\/\/emi-services.fr\/wp-content\/uploads\/2025\/12\/Presentation-rogner-copie-768x576.jpg 768w, https:\/\/emi-services.fr\/wp-content\/uploads\/2025\/12\/Presentation-rogner-copie-1536x1152.jpg 1536w, https:\/\/emi-services.fr\/wp-content\/uploads\/2025\/12\/Presentation-rogner-copie-2048x1536.jpg 2048w\" sizes=\"auto, (max-width: 1024px) 100vw, 1024px\" \/><\/figure>\n<\/div>\n<\/div>\n\n\n\n<p><\/p>\n\n\n\n<div style=\"height:100px\" aria-hidden=\"true\" class=\"wp-block-spacer\"><\/div>\n\n\n\n<p><\/p>\n\n\n\n<div class=\"wp-block-columns is-layout-flex wp-container-core-columns-is-layout-9d6595d7 wp-block-columns-is-layout-flex\">\n<div class=\"wp-block-column is-layout-flow wp-block-column-is-layout-flow\">\n<figure class=\"wp-block-image size-large\"><img loading=\"lazy\" decoding=\"async\" width=\"472\" height=\"1024\" src=\"https:\/\/emi-services.fr\/wp-content\/uploads\/2025\/12\/20210727_095711-472x1024.jpg\" alt=\"\" class=\"wp-image-19\" srcset=\"https:\/\/emi-services.fr\/wp-content\/uploads\/2025\/12\/20210727_095711-472x1024.jpg 472w, https:\/\/emi-services.fr\/wp-content\/uploads\/2025\/12\/20210727_095711-138x300.jpg 138w, https:\/\/emi-services.fr\/wp-content\/uploads\/2025\/12\/20210727_095711-768x1665.jpg 768w, https:\/\/emi-services.fr\/wp-content\/uploads\/2025\/12\/20210727_095711-709x1536.jpg 709w, https:\/\/emi-services.fr\/wp-content\/uploads\/2025\/12\/20210727_095711-rotated.jpg 930w\" sizes=\"auto, (max-width: 472px) 100vw, 472px\" \/><\/figure>\n<\/div>\n\n\n\n<div class=\"wp-block-column is-layout-flow wp-block-column-is-layout-flow\">\n<p><strong>SAVOIR FAIRE<\/strong><\/p>\n\n\n\n<p>Notre savoir-faire nous permet d&rsquo;apporter une prestation de qualit\u00e9. Nous \u00e9tudions et r\u00e9alisons vos projets en vous accompagnant jusqu&rsquo;\u00e0 la r\u00e9ception.<\/p>\n\n\n\n<div style=\"height:100px\" aria-hidden=\"true\" class=\"wp-block-spacer\"><\/div>\n\n\n\n<p>Nos collaborateurs mettent toute leur \u00e9nergie \u00e0 la parfaite r\u00e9alisation des chantiers.<br><br><\/p>\n<\/div>\n<\/div>\n","protected":false},"excerpt":{"rendered":"<p>\u00c9LECTRCIT\u00c9 G\u00c9NERALE Depuis 2007, EMI met l&rsquo;accent sur la r\u00e9habilitation, la r\u00e9novation et la cr\u00e9ation de vos installations \u00e9lectriques dans vos habitations ou vos locaux professionnels. SAVOIR FAIRE Notre savoir-faire nous permet d&rsquo;apporter une prestation de qualit\u00e9. Nous \u00e9tudions et &hellip; <a href=\"https:\/\/emi-services.fr\/\">Continuer la lecture <span class=\"meta-nav\">&rarr;<\/span><\/a><\/p>\n","protected":false},"author":1,"featured_media":0,"parent":0,"menu_order":0,"comment_status":"closed","ping_status":"closed","template":"","meta":{"footnotes":""},"class_list":["post-12","page","type-page","status-publish","hentry"],"_links":{"self":[{"href":"https:\/\/emi-services.fr\/index.php\/wp-json\/wp\/v2\/pages\/12","targetHints":{"allow":["GET"]}}],"collection":[{"href":"https:\/\/emi-services.fr\/index.php\/wp-json\/wp\/v2\/pages"}],"about":[{"href":"https:\/\/emi-services.fr\/index.php\/wp-json\/wp\/v2\/types\/page"}],"author":[{"embeddable":true,"href":"https:\/\/emi-services.fr\/index.php\/wp-json\/wp\/v2\/users\/1"}],"replies":[{"embeddable":true,"href":"https:\/\/emi-services.fr\/index.php\/wp-json\/wp\/v2\/comments?post=12"}],"version-history":[{"count":9,"href":"https:\/\/emi-services.fr\/index.php\/wp-json\/wp\/v2\/pages\/12\/revisions"}],"predecessor-version":[{"id":59,"href":"https:\/\/emi-services.fr\/index.php\/wp-json\/wp\/v2\/pages\/12\/revisions\/59"}],"wp:attachment":[{"href":"https:\/\/emi-services.fr\/index.php\/wp-json\/wp\/v2\/media?parent=12"}],"curies":[{"name":"wp","href":"https:\/\/api.w.org\/{rel}","templated":true}]}}