{"id":31,"date":"2025-12-08T16:29:35","date_gmt":"2025-12-08T15:29:35","guid":{"rendered":"https:\/\/emi-services.fr\/?page_id=31"},"modified":"2025-12-08T16:29:35","modified_gmt":"2025-12-08T15:29:35","slug":"realisation","status":"publish","type":"page","link":"https:\/\/emi-services.fr\/index.php\/realisation\/","title":{"rendered":"R\u00e9alisation"},"content":{"rendered":"\n<div style=\"height:100px\" aria-hidden=\"true\" class=\"wp-block-spacer\"><\/div>\n\n\n\n<div class=\"wp-block-media-text is-stacked-on-mobile\"><figure class=\"wp-block-media-text__media\"><img loading=\"lazy\" decoding=\"async\" width=\"768\" height=\"1024\" src=\"https:\/\/emi-services.fr\/wp-content\/uploads\/2025\/12\/IMG20221021101714-768x1024.jpg\" alt=\"\" class=\"wp-image-32 size-full\" srcset=\"https:\/\/emi-services.fr\/wp-content\/uploads\/2025\/12\/IMG20221021101714-768x1024.jpg 768w, https:\/\/emi-services.fr\/wp-content\/uploads\/2025\/12\/IMG20221021101714-225x300.jpg 225w, https:\/\/emi-services.fr\/wp-content\/uploads\/2025\/12\/IMG20221021101714-1152x1536.jpg 1152w, https:\/\/emi-services.fr\/wp-content\/uploads\/2025\/12\/IMG20221021101714-1536x2048.jpg 1536w, https:\/\/emi-services.fr\/wp-content\/uploads\/2025\/12\/IMG20221021101714-scaled.jpg 1920w\" sizes=\"auto, (max-width: 768px) 100vw, 768px\" \/><\/figure><div class=\"wp-block-media-text__content\">\n<p>Gr\u00e2ce \u00e0 notre expertise, nous assurons une installation rapide et soign\u00e9e de vos nouveaux \u00e9quipements d\u2019\u00e9clairage.<\/p>\n\n\n\n<p>Notre intervention en relamping contribue \u00e0 am\u00e9liorer le confort visuel de vos espaces tout en optimisant leur rendement \u00e9nerg\u00e9tique.<\/p>\n\n\n\n<p><\/p>\n<\/div><\/div>\n\n\n\n<div style=\"height:100px\" aria-hidden=\"true\" class=\"wp-block-spacer\"><\/div>\n\n\n\n<div class=\"wp-block-media-text has-media-on-the-right is-stacked-on-mobile\"><div class=\"wp-block-media-text__content\">\n<p>Nous prenons en charge la r\u00e9alisation compl\u00e8te de votre cuisine, de l\u2019\u00e9tude du projet \u00e0 la mise en service des \u00e9quipements.<\/p>\n<\/div><figure class=\"wp-block-media-text__media\"><img loading=\"lazy\" decoding=\"async\" width=\"1024\" height=\"472\" src=\"https:\/\/emi-services.fr\/wp-content\/uploads\/2025\/12\/cuisine-3-1024x472.jpg\" alt=\"\" class=\"wp-image-34 size-full\" srcset=\"https:\/\/emi-services.fr\/wp-content\/uploads\/2025\/12\/cuisine-3-1024x472.jpg 1024w, https:\/\/emi-services.fr\/wp-content\/uploads\/2025\/12\/cuisine-3-300x138.jpg 300w, https:\/\/emi-services.fr\/wp-content\/uploads\/2025\/12\/cuisine-3-768x354.jpg 768w, https:\/\/emi-services.fr\/wp-content\/uploads\/2025\/12\/cuisine-3-1536x709.jpg 1536w, https:\/\/emi-services.fr\/wp-content\/uploads\/2025\/12\/cuisine-3-2048x945.jpg 2048w\" sizes=\"auto, (max-width: 1024px) 100vw, 1024px\" \/><\/figure><\/div>\n\n\n\n<div style=\"height:100px\" aria-hidden=\"true\" class=\"wp-block-spacer\"><\/div>\n\n\n\n<div class=\"wp-block-media-text is-stacked-on-mobile\"><figure class=\"wp-block-media-text__media\"><img loading=\"lazy\" decoding=\"async\" width=\"768\" height=\"1024\" src=\"https:\/\/emi-services.fr\/wp-content\/uploads\/2025\/12\/IMG20230526172705-768x1024.jpg\" alt=\"\" class=\"wp-image-35 size-full\" srcset=\"https:\/\/emi-services.fr\/wp-content\/uploads\/2025\/12\/IMG20230526172705-768x1024.jpg 768w, https:\/\/emi-services.fr\/wp-content\/uploads\/2025\/12\/IMG20230526172705-225x300.jpg 225w, https:\/\/emi-services.fr\/wp-content\/uploads\/2025\/12\/IMG20230526172705-1152x1536.jpg 1152w, https:\/\/emi-services.fr\/wp-content\/uploads\/2025\/12\/IMG20230526172705-1536x2048.jpg 1536w, https:\/\/emi-services.fr\/wp-content\/uploads\/2025\/12\/IMG20230526172705.jpg 1734w\" sizes=\"auto, (max-width: 768px) 100vw, 768px\" \/><\/figure><div class=\"wp-block-media-text__content\">\n<p>Nous r\u00e9alisons l\u2019installation compl\u00e8te de votre borne de recharge pour v\u00e9hicule \u00e9lectrique, dans le respect des normes IRVE en vigueur.<\/p>\n\n\n\n<p>Notre \u00e9quipe assure la mise en place de la ligne d\u00e9di\u00e9e, la protection \u00e9lectrique et le param\u00e9trage de votre borne.<\/p>\n<\/div><\/div>\n","protected":false},"excerpt":{"rendered":"<p>Gr\u00e2ce \u00e0 notre expertise, nous assurons une installation rapide et soign\u00e9e de vos nouveaux \u00e9quipements d\u2019\u00e9clairage. Notre intervention en relamping contribue \u00e0 am\u00e9liorer le confort visuel de vos espaces tout en optimisant leur rendement \u00e9nerg\u00e9tique. Nous prenons en charge la &hellip; <a href=\"https:\/\/emi-services.fr\/index.php\/realisation\/\">Continuer la lecture <span class=\"meta-nav\">&rarr;<\/span><\/a><\/p>\n","protected":false},"author":1,"featured_media":0,"parent":0,"menu_order":0,"comment_status":"closed","ping_status":"closed","template":"","meta":{"footnotes":""},"class_list":["post-31","page","type-page","status-publish","hentry"],"_links":{"self":[{"href":"https:\/\/emi-services.fr\/index.php\/wp-json\/wp\/v2\/pages\/31","targetHints":{"allow":["GET"]}}],"collection":[{"href":"https:\/\/emi-services.fr\/index.php\/wp-json\/wp\/v2\/pages"}],"about":[{"href":"https:\/\/emi-services.fr\/index.php\/wp-json\/wp\/v2\/types\/page"}],"author":[{"embeddable":true,"href":"https:\/\/emi-services.fr\/index.php\/wp-json\/wp\/v2\/users\/1"}],"replies":[{"embeddable":true,"href":"https:\/\/emi-services.fr\/index.php\/wp-json\/wp\/v2\/comments?post=31"}],"version-history":[{"count":2,"href":"https:\/\/emi-services.fr\/index.php\/wp-json\/wp\/v2\/pages\/31\/revisions"}],"predecessor-version":[{"id":36,"href":"https:\/\/emi-services.fr\/index.php\/wp-json\/wp\/v2\/pages\/31\/revisions\/36"}],"wp:attachment":[{"href":"https:\/\/emi-services.fr\/index.php\/wp-json\/wp\/v2\/media?parent=31"}],"curies":[{"name":"wp","href":"https:\/\/api.w.org\/{rel}","templated":true}]}}