{"id":37,"date":"2025-12-08T16:01:44","date_gmt":"2025-12-08T15:01:44","guid":{"rendered":"https:\/\/emi-services.fr\/?page_id=37"},"modified":"2025-12-08T16:01:44","modified_gmt":"2025-12-08T15:01:44","slug":"savoir-faire","status":"publish","type":"page","link":"https:\/\/emi-services.fr\/index.php\/savoir-faire\/","title":{"rendered":"Savoir faire"},"content":{"rendered":"\n<div style=\"height:100px\" aria-hidden=\"true\" class=\"wp-block-spacer\"><\/div>\n\n\n\n<div class=\"wp-block-media-text is-stacked-on-mobile\"><figure class=\"wp-block-media-text__media\"><img loading=\"lazy\" decoding=\"async\" width=\"702\" height=\"930\" src=\"https:\/\/emi-services.fr\/wp-content\/uploads\/2025\/12\/Capture-decran-2025-12-08-a-11.46.12.png\" alt=\"\" class=\"wp-image-41 size-full\" srcset=\"https:\/\/emi-services.fr\/wp-content\/uploads\/2025\/12\/Capture-decran-2025-12-08-a-11.46.12.png 702w, https:\/\/emi-services.fr\/wp-content\/uploads\/2025\/12\/Capture-decran-2025-12-08-a-11.46.12-226x300.png 226w\" sizes=\"auto, (max-width: 702px) 100vw, 702px\" \/><\/figure><div class=\"wp-block-media-text__content\">\n<p>Nous assurons l\u2019installation et la mise en service de votre TGBT, garantissant une distribution \u00e9lectrique fiable et s\u00e9curis\u00e9e. Notre \u00e9quipe r\u00e9alise le c\u00e2blage, installe les protections n\u00e9cessaires et teste le fonctionnement pour un \u00e9quipement conforme et performant.<\/p>\n<\/div><\/div>\n\n\n\n<div style=\"height:100px\" aria-hidden=\"true\" class=\"wp-block-spacer\"><\/div>\n\n\n\n<div class=\"wp-block-media-text has-media-on-the-right is-stacked-on-mobile\"><div class=\"wp-block-media-text__content\">\n<p>Nous r\u00e9alisons des carottages pr\u00e9cis sur b\u00e9ton, pierre ou autres mat\u00e9riaux, en garantissant des d\u00e9coupes nettes et s\u00e9curis\u00e9es, conformes aux normes en vigueur.<\/p>\n\n\n\n<p><\/p>\n<\/div><figure class=\"wp-block-media-text__media\"><img loading=\"lazy\" decoding=\"async\" width=\"1024\" height=\"472\" src=\"https:\/\/emi-services.fr\/wp-content\/uploads\/2025\/12\/CARROTAGE-1024x472.jpg\" alt=\"\" class=\"wp-image-42 size-full\" srcset=\"https:\/\/emi-services.fr\/wp-content\/uploads\/2025\/12\/CARROTAGE-1024x472.jpg 1024w, https:\/\/emi-services.fr\/wp-content\/uploads\/2025\/12\/CARROTAGE-300x138.jpg 300w, https:\/\/emi-services.fr\/wp-content\/uploads\/2025\/12\/CARROTAGE-768x354.jpg 768w, https:\/\/emi-services.fr\/wp-content\/uploads\/2025\/12\/CARROTAGE-1536x709.jpg 1536w, https:\/\/emi-services.fr\/wp-content\/uploads\/2025\/12\/CARROTAGE-2048x945.jpg 2048w\" sizes=\"auto, (max-width: 1024px) 100vw, 1024px\" \/><\/figure><\/div>\n\n\n\n<div style=\"height:100px\" aria-hidden=\"true\" class=\"wp-block-spacer\"><\/div>\n\n\n\n<div class=\"wp-block-media-text is-stacked-on-mobile\"><figure class=\"wp-block-media-text__media\"><img loading=\"lazy\" decoding=\"async\" width=\"792\" height=\"900\" src=\"https:\/\/emi-services.fr\/wp-content\/uploads\/2025\/12\/Capture-decran-2025-12-08-a-11.53.29.png\" alt=\"\" class=\"wp-image-45 size-full\" srcset=\"https:\/\/emi-services.fr\/wp-content\/uploads\/2025\/12\/Capture-decran-2025-12-08-a-11.53.29.png 792w, https:\/\/emi-services.fr\/wp-content\/uploads\/2025\/12\/Capture-decran-2025-12-08-a-11.53.29-264x300.png 264w, https:\/\/emi-services.fr\/wp-content\/uploads\/2025\/12\/Capture-decran-2025-12-08-a-11.53.29-768x873.png 768w\" sizes=\"auto, (max-width: 792px) 100vw, 792px\" \/><\/figure><div class=\"wp-block-media-text__content\">\n<p>Nous r\u00e9alisons le passage de r\u00e9seaux \u00e9lectriques en veillant \u00e0 un c\u00e2blage propre et s\u00e9curis\u00e9. Chaque installation respecte les normes en vigueur, garantissant fiabilit\u00e9 et s\u00e9curit\u00e9 de vos circuits.<\/p>\n<\/div><\/div>\n","protected":false},"excerpt":{"rendered":"<p>Nous assurons l\u2019installation et la mise en service de votre TGBT, garantissant une distribution \u00e9lectrique fiable et s\u00e9curis\u00e9e. Notre \u00e9quipe r\u00e9alise le c\u00e2blage, installe les protections n\u00e9cessaires et teste le fonctionnement pour un \u00e9quipement conforme et performant. Nous r\u00e9alisons des &hellip; <a href=\"https:\/\/emi-services.fr\/index.php\/savoir-faire\/\">Continuer la lecture <span class=\"meta-nav\">&rarr;<\/span><\/a><\/p>\n","protected":false},"author":1,"featured_media":39,"parent":0,"menu_order":0,"comment_status":"closed","ping_status":"closed","template":"","meta":{"footnotes":""},"class_list":["post-37","page","type-page","status-publish","has-post-thumbnail","hentry"],"_links":{"self":[{"href":"https:\/\/emi-services.fr\/index.php\/wp-json\/wp\/v2\/pages\/37","targetHints":{"allow":["GET"]}}],"collection":[{"href":"https:\/\/emi-services.fr\/index.php\/wp-json\/wp\/v2\/pages"}],"about":[{"href":"https:\/\/emi-services.fr\/index.php\/wp-json\/wp\/v2\/types\/page"}],"author":[{"embeddable":true,"href":"https:\/\/emi-services.fr\/index.php\/wp-json\/wp\/v2\/users\/1"}],"replies":[{"embeddable":true,"href":"https:\/\/emi-services.fr\/index.php\/wp-json\/wp\/v2\/comments?post=37"}],"version-history":[{"count":2,"href":"https:\/\/emi-services.fr\/index.php\/wp-json\/wp\/v2\/pages\/37\/revisions"}],"predecessor-version":[{"id":47,"href":"https:\/\/emi-services.fr\/index.php\/wp-json\/wp\/v2\/pages\/37\/revisions\/47"}],"wp:featuredmedia":[{"embeddable":true,"href":"https:\/\/emi-services.fr\/index.php\/wp-json\/wp\/v2\/media\/39"}],"wp:attachment":[{"href":"https:\/\/emi-services.fr\/index.php\/wp-json\/wp\/v2\/media?parent=37"}],"curies":[{"name":"wp","href":"https:\/\/api.w.org\/{rel}","templated":true}]}}