{"id":48,"date":"2025-12-08T15:53:46","date_gmt":"2025-12-08T14:53:46","guid":{"rendered":"https:\/\/emi-services.fr\/?page_id=48"},"modified":"2025-12-08T15:53:46","modified_gmt":"2025-12-08T14:53:46","slug":"contact","status":"publish","type":"page","link":"https:\/\/emi-services.fr\/index.php\/contact\/","title":{"rendered":"Contact"},"content":{"rendered":"\n<div style=\"height:100px\" aria-hidden=\"true\" class=\"wp-block-spacer\"><\/div>\n\n\n\n<p><strong>Contactez-nous<\/strong><\/p>\n\n\n\n<p>Vous souhaitez obtenir un devis, des informations compl\u00e9mentaires ou planifier une intervention ? Notre \u00e9quipe est \u00e0 votre \u00e9coute pour r\u00e9pondre \u00e0 toutes vos demandes.<\/p>\n\n\n\n<div style=\"height:100px\" aria-hidden=\"true\" class=\"wp-block-spacer\"><\/div>\n\n\n\n<p><strong>T\u00e9l\u00e9phone :<\/strong> 04 28 29 62 60<\/p>\n\n\n\n<p><br><strong>Email :<\/strong> <a>contact@<\/a>emi-services.fr<\/p>\n\n\n\n<p><br><strong>Adresse :<\/strong> 147 avenue Marcel M\u00e9rieux, 69530 Brignais<\/p>\n\n\n\n<p>Nous sommes disponibles du lundi au vendredi, de 7h30 \u00e0 17h00.<\/p>\n","protected":false},"excerpt":{"rendered":"<p>Contactez-nous Vous souhaitez obtenir un devis, des informations compl\u00e9mentaires ou planifier une intervention ? Notre \u00e9quipe est \u00e0 votre \u00e9coute pour r\u00e9pondre \u00e0 toutes vos demandes. T\u00e9l\u00e9phone : 04 28 29 62 60 Email : contact@emi-services.fr Adresse : 147 avenue &hellip; <a href=\"https:\/\/emi-services.fr\/index.php\/contact\/\">Continuer la lecture <span class=\"meta-nav\">&rarr;<\/span><\/a><\/p>\n","protected":false},"author":1,"featured_media":0,"parent":0,"menu_order":0,"comment_status":"closed","ping_status":"closed","template":"","meta":{"footnotes":""},"class_list":["post-48","page","type-page","status-publish","hentry"],"_links":{"self":[{"href":"https:\/\/emi-services.fr\/index.php\/wp-json\/wp\/v2\/pages\/48","targetHints":{"allow":["GET"]}}],"collection":[{"href":"https:\/\/emi-services.fr\/index.php\/wp-json\/wp\/v2\/pages"}],"about":[{"href":"https:\/\/emi-services.fr\/index.php\/wp-json\/wp\/v2\/types\/page"}],"author":[{"embeddable":true,"href":"https:\/\/emi-services.fr\/index.php\/wp-json\/wp\/v2\/users\/1"}],"replies":[{"embeddable":true,"href":"https:\/\/emi-services.fr\/index.php\/wp-json\/wp\/v2\/comments?post=48"}],"version-history":[{"count":1,"href":"https:\/\/emi-services.fr\/index.php\/wp-json\/wp\/v2\/pages\/48\/revisions"}],"predecessor-version":[{"id":49,"href":"https:\/\/emi-services.fr\/index.php\/wp-json\/wp\/v2\/pages\/48\/revisions\/49"}],"wp:attachment":[{"href":"https:\/\/emi-services.fr\/index.php\/wp-json\/wp\/v2\/media?parent=48"}],"curies":[{"name":"wp","href":"https:\/\/api.w.org\/{rel}","templated":true}]}}